{"id":260,"date":"2021-07-06T18:33:00","date_gmt":"2021-07-06T16:33:00","guid":{"rendered":"https:\/\/boutique.fm-ch.ch\/conditions-generales-de-vente\/"},"modified":"2023-07-04T11:02:38","modified_gmt":"2023-07-04T09:02:38","slug":"allgemeine-verkaufsbedingungen","status":"publish","type":"page","link":"https:\/\/boutique.fm-ch.ch\/de\/allgemeine-verkaufsbedingungen\/","title":{"rendered":"Allgemeine Verkaufsbedingungen"},"content":{"rendered":"<div class=\"the-content\"><div id=\"PageContainer11\" class=\"EqualHeight_PageContainer11\">\n<div id=\"PageContainer10\">\n<div id=\"PageContainer1\">\n<div id=\"PageDescription-D-5\" class=\"GC19 PageDescription\">\n<div class=\"row sf-wrapped\">\n<h3>Lieferbedingungen<\/h3>\n<p>Die Versandkosten werden zum Zeitpunkt Ihrer Bestellung automatisch an die bestellten Artikel angepasst.<\/p>\n<h3>Zahlungsbedingungen<\/h3>\n<p>Mastercard, Visa, PostFinance, Twint und auf Rechnung (nur f\u00fcr die Schweiz verf\u00fcgbar).<\/p>\n<h3>R\u00fcckgabe<\/h3>\n<p>Sie haben drei\u00dfig Tage Zeit, um unerw\u00fcnschte Artikel zur\u00fcckzusenden. Die Ware muss unbedingt vollst\u00e4ndig und mit allen Etiketten, falls vorhanden, in der Originalverpackung neu verpackt werden. Eventuell anfallende Reinigungskosten werden in Rechnung gestellt. Die Kosten f\u00fcr die R\u00fccksendung gehen zu Lasten des Kunden.<\/p>\n<p>Haben Sie noch Fragen? Z\u00f6gern Sie nicht uns zu <a href=\"https:\/\/boutique.fm-ch.ch\/de\/kontakt\/\">kontaktieren<\/a>.<\/p>\n<\/div>\n<\/div>\n<\/div>\n<\/div>\n<\/div>\n<div class=\"PageDescription\"><\/div>\n<\/div>","protected":false},"excerpt":{"rendered":"<p>Lieferbedingungen Die Versandkosten werden zum Zeitpunkt Ihrer Bestellung automatisch an die bestellten Artikel angepasst. Zahlungsbedingungen Mastercard, Visa, PostFinance, Twint und auf Rechnung (nur f\u00fcr die Schweiz verf\u00fcgbar). R\u00fcckgabe Sie haben drei\u00dfig Tage Zeit, um unerw\u00fcnschte Artikel zur\u00fcckzusenden. Die Ware muss unbedingt vollst\u00e4ndig und mit allen Etiketten, falls vorhanden, in der Originalverpackung neu verpackt werden. Eventuell [&hellip;]<\/p>\n","protected":false},"author":1,"featured_media":0,"parent":0,"menu_order":0,"comment_status":"closed","ping_status":"closed","template":"","meta":{"_acf_changed":false,"footnotes":""},"class_list":["post-260","page","type-page","status-publish","hentry"],"acf":[],"_links":{"self":[{"href":"https:\/\/boutique.fm-ch.ch\/de\/wp-json\/wp\/v2\/pages\/260","targetHints":{"allow":["GET"]}}],"collection":[{"href":"https:\/\/boutique.fm-ch.ch\/de\/wp-json\/wp\/v2\/pages"}],"about":[{"href":"https:\/\/boutique.fm-ch.ch\/de\/wp-json\/wp\/v2\/types\/page"}],"author":[{"embeddable":true,"href":"https:\/\/boutique.fm-ch.ch\/de\/wp-json\/wp\/v2\/users\/1"}],"replies":[{"embeddable":true,"href":"https:\/\/boutique.fm-ch.ch\/de\/wp-json\/wp\/v2\/comments?post=260"}],"version-history":[{"count":0,"href":"https:\/\/boutique.fm-ch.ch\/de\/wp-json\/wp\/v2\/pages\/260\/revisions"}],"wp:attachment":[{"href":"https:\/\/boutique.fm-ch.ch\/de\/wp-json\/wp\/v2\/media?parent=260"}],"curies":[{"name":"wp","href":"https:\/\/api.w.org\/{rel}","templated":true}]}}