{"id":1015,"date":"2021-07-16T14:16:40","date_gmt":"2021-07-16T12:16:40","guid":{"rendered":"https:\/\/boutique.fm-ch.ch\/boutique\/savon-au-lait-de-jument-fm\/"},"modified":"2025-06-04T11:27:23","modified_gmt":"2025-06-04T09:27:23","slug":"fm-stutenmilchseife","status":"publish","type":"product","link":"https:\/\/boutique.fm-ch.ch\/de\/shop\/fm-stutenmilchseife\/","title":{"rendered":"FM Stutenmilchseife"},"content":{"rendered":"<div class=\"the-content\"><p>Seife aus Freibergerstutemilch, handgefertigt im Jura.<\/p>\n<p>Geeignet f\u00fcr alle Hauttypen, feuchtigkeitsspendend, pflegend und sch\u00fctzend. Mit einem bet\u00f6renden Blumend\u00fcft<\/p>\n<p>Zusammensetzung: Oliven\u00f6l, Stutenmilch, Kokosnuss\u00f6l, Kakaobutter, Soda, Rizinus\u00f6l (aus biologischem Anbau), Parf\u00fcm, Milchs\u00e4ure, Farbstoffe.<\/p>\n<\/div>","protected":false},"excerpt":{"rendered":"<p>Seife aus Freibergerstutemilch, handgefertigt im Jura.<\/p>\n<p>Geeignet f\u00fcr alle Hauttypen, feuchtigkeitsspendend, pflegend und sch\u00fctzend. Mit einem bet\u00f6renden Blumend\u00fcft<\/p>\n<p>Zusammensetzung: Oliven\u00f6l, Stutenmilch, Kokosnuss\u00f6l, Kakaobutter, Soda, Rizinus\u00f6l (aus biologischem Anbau), Parf\u00fcm, Milchs\u00e4ure, Farbstoffe.<\/p>\n","protected":false},"featured_media":8275,"template":"","meta":{"_acf_changed":false},"product_brand":[],"product_cat":[60],"product_tag":[],"class_list":{"0":"post-1015","1":"product","2":"type-product","3":"status-publish","4":"has-post-thumbnail","6":"product_cat-zubehoer","8":"first","9":"outofstock","10":"taxable","11":"shipping-taxable","12":"purchasable","13":"product-type-simple"},"group_of_quantity":0,"min_quantity":0,"max_quantity":"","exclude_order_quantity_value_rules":"no","exclude_category_quantity_rules":"no","combine_variations":"no","acf":[],"_links":{"self":[{"href":"https:\/\/boutique.fm-ch.ch\/de\/wp-json\/wp\/v2\/product\/1015","targetHints":{"allow":["GET"]}}],"collection":[{"href":"https:\/\/boutique.fm-ch.ch\/de\/wp-json\/wp\/v2\/product"}],"about":[{"href":"https:\/\/boutique.fm-ch.ch\/de\/wp-json\/wp\/v2\/types\/product"}],"wp:featuredmedia":[{"embeddable":true,"href":"https:\/\/boutique.fm-ch.ch\/de\/wp-json\/wp\/v2\/media\/8275"}],"wp:attachment":[{"href":"https:\/\/boutique.fm-ch.ch\/de\/wp-json\/wp\/v2\/media?parent=1015"}],"wp:term":[{"taxonomy":"product_brand","embeddable":true,"href":"https:\/\/boutique.fm-ch.ch\/de\/wp-json\/wp\/v2\/product_brand?post=1015"},{"taxonomy":"product_cat","embeddable":true,"href":"https:\/\/boutique.fm-ch.ch\/de\/wp-json\/wp\/v2\/product_cat?post=1015"},{"taxonomy":"product_tag","embeddable":true,"href":"https:\/\/boutique.fm-ch.ch\/de\/wp-json\/wp\/v2\/product_tag?post=1015"}],"curies":[{"name":"wp","href":"https:\/\/api.w.org\/{rel}","templated":true}]}}