{"id":10293,"date":"2024-12-03T12:02:20","date_gmt":"2024-12-03T11:02:20","guid":{"rendered":"https:\/\/boutique.fm-ch.ch\/?post_type=product&#038;p=10293"},"modified":"2025-11-03T14:30:29","modified_gmt":"2025-11-03T13:30:29","slug":"fm-schluesselanhaenger","status":"publish","type":"product","link":"https:\/\/boutique.fm-ch.ch\/de\/shop\/fm-schluesselanhaenger\/","title":{"rendered":"FM Schl\u00fcsselanh\u00e4nger"},"content":{"rendered":"<div class=\"the-content\"><p>H\u00fcbscher Schl\u00fcsselanh\u00e4nger mit einem FM-Pferdekopf.<\/p>\n<p>Erh\u00e4ltlich in Gold oder Kupfer.<\/p>\n<p>exklusiv und handgefertigt f\u00fcr alle FM-Liebhaber!<\/p>\n<\/div>","protected":false},"excerpt":{"rendered":"<p>H\u00fcbscher Schl\u00fcsselanh\u00e4nger mit einem FM-Pferdekopf.<\/p>\n<p>Erh\u00e4ltlich in Gold oder Kupfer.<\/p>\n<p>exklusiv und handgefertigt f\u00fcr alle FM-Liebhaber!<\/p>\n","protected":false},"featured_media":10290,"template":"","meta":{"_acf_changed":false},"product_brand":[],"product_cat":[60],"product_tag":[],"class_list":{"0":"post-10293","1":"product","2":"type-product","3":"status-publish","4":"has-post-thumbnail","6":"product_cat-zubehoer","8":"first","9":"instock","10":"taxable","11":"shipping-taxable","12":"purchasable","13":"product-type-variable"},"group_of_quantity":0,"min_quantity":0,"max_quantity":"","exclude_order_quantity_value_rules":"no","exclude_category_quantity_rules":"no","combine_variations":"no","acf":[],"_links":{"self":[{"href":"https:\/\/boutique.fm-ch.ch\/de\/wp-json\/wp\/v2\/product\/10293","targetHints":{"allow":["GET"]}}],"collection":[{"href":"https:\/\/boutique.fm-ch.ch\/de\/wp-json\/wp\/v2\/product"}],"about":[{"href":"https:\/\/boutique.fm-ch.ch\/de\/wp-json\/wp\/v2\/types\/product"}],"wp:featuredmedia":[{"embeddable":true,"href":"https:\/\/boutique.fm-ch.ch\/de\/wp-json\/wp\/v2\/media\/10290"}],"wp:attachment":[{"href":"https:\/\/boutique.fm-ch.ch\/de\/wp-json\/wp\/v2\/media?parent=10293"}],"wp:term":[{"taxonomy":"product_brand","embeddable":true,"href":"https:\/\/boutique.fm-ch.ch\/de\/wp-json\/wp\/v2\/product_brand?post=10293"},{"taxonomy":"product_cat","embeddable":true,"href":"https:\/\/boutique.fm-ch.ch\/de\/wp-json\/wp\/v2\/product_cat?post=10293"},{"taxonomy":"product_tag","embeddable":true,"href":"https:\/\/boutique.fm-ch.ch\/de\/wp-json\/wp\/v2\/product_tag?post=10293"}],"curies":[{"name":"wp","href":"https:\/\/api.w.org\/{rel}","templated":true}]}}