{"id":882,"date":"2021-11-10T11:28:42","date_gmt":"2021-11-10T10:28:42","guid":{"rendered":"https:\/\/boutique.fm-ch.ch\/boutique\/le-galop-du-silence-de\/"},"modified":"2026-04-21T09:48:13","modified_gmt":"2026-04-21T07:48:13","slug":"der-galopp-der-stille","status":"publish","type":"product","link":"https:\/\/boutique.fm-ch.ch\/de\/shop\/der-galopp-der-stille\/","title":{"rendered":"Der Galopp der Stille"},"content":{"rendered":"<div class=\"the-content\"><p>DERIBs Comic \u00fcber die Freiberger.<br \/>\nEine Hymne an diese sch\u00f6ne Region des Jura und an die Pferde.<\/p>\n<p>Ein 100% Schweizer Comic! Treffen Sie Manon, die Heldin, in einem Abenteuer, das Sie vom March\u00e9-Concours in Saignel\u00e9gier nach Belgien f\u00fchrt.<\/p>\n<p>Mit dem Zeugnis von Steve Guerdat.<\/p>\n<\/div>","protected":false},"excerpt":{"rendered":"<p>DERIBs Comic \u00fcber die Freiberger.<br \/>\nEine Hymne an diese sch\u00f6ne Region des Jura und an die Pferde.<\/p>\n<p>Ein 100% Schweizer Comic! Treffen Sie Manon, die Heldin, in einem Abenteuer, das Sie vom March\u00e9-Concours in Saignel\u00e9gier nach Belgien f\u00fchrt.<\/p>\n<p>Mit dem Zeugnis von Steve Guerdat.<\/p>\n","protected":false},"featured_media":525,"template":"","meta":{"_acf_changed":false},"product_brand":[],"product_cat":[66],"product_tag":[],"class_list":{"0":"post-882","1":"product","2":"type-product","3":"status-publish","4":"has-post-thumbnail","6":"product_cat-editionen","8":"first","9":"instock","10":"taxable","11":"shipping-taxable","12":"purchasable","13":"product-type-simple"},"group_of_quantity":0,"min_quantity":0,"max_quantity":"","exclude_order_quantity_value_rules":"no","exclude_category_quantity_rules":"no","combine_variations":"no","acf":[],"_links":{"self":[{"href":"https:\/\/boutique.fm-ch.ch\/de\/wp-json\/wp\/v2\/product\/882","targetHints":{"allow":["GET"]}}],"collection":[{"href":"https:\/\/boutique.fm-ch.ch\/de\/wp-json\/wp\/v2\/product"}],"about":[{"href":"https:\/\/boutique.fm-ch.ch\/de\/wp-json\/wp\/v2\/types\/product"}],"wp:featuredmedia":[{"embeddable":true,"href":"https:\/\/boutique.fm-ch.ch\/de\/wp-json\/wp\/v2\/media\/525"}],"wp:attachment":[{"href":"https:\/\/boutique.fm-ch.ch\/de\/wp-json\/wp\/v2\/media?parent=882"}],"wp:term":[{"taxonomy":"product_brand","embeddable":true,"href":"https:\/\/boutique.fm-ch.ch\/de\/wp-json\/wp\/v2\/product_brand?post=882"},{"taxonomy":"product_cat","embeddable":true,"href":"https:\/\/boutique.fm-ch.ch\/de\/wp-json\/wp\/v2\/product_cat?post=882"},{"taxonomy":"product_tag","embeddable":true,"href":"https:\/\/boutique.fm-ch.ch\/de\/wp-json\/wp\/v2\/product_tag?post=882"}],"curies":[{"name":"wp","href":"https:\/\/api.w.org\/{rel}","templated":true}]}}