{"id":883,"date":"2021-11-10T11:21:46","date_gmt":"2021-11-10T10:21:46","guid":{"rendered":"https:\/\/boutique.fm-ch.ch\/boutique\/utilisation-des-etalons-reproducteurs-franches-montagnes\/"},"modified":"2025-01-23T19:20:07","modified_gmt":"2025-01-23T18:20:07","slug":"nutzung-der-freiberger-zuchthengste","status":"publish","type":"product","link":"https:\/\/boutique.fm-ch.ch\/de\/shop\/nutzung-der-freiberger-zuchthengste\/","title":{"rendered":"Nutzung der Freiberger-Zuchthengste"},"content":{"rendered":"<div class=\"the-content\"><div id=\"ProductDescription-P66\" class=\"GC12 ProductDescription\">\n<div class=\"row sf-wrapped\">\n<div class=\"column full\">\n<h4 id=\"ProductTitle-P66\" class=\"GC37 ProductTitle\">Nutzung der Freiberger-Zuchthengste (Jean-Pierre Graber)<\/h4>\n<p>Einsatz der Freiberger Zuchthengste:<\/p>\n<p>Jean-Pierre Graber hat die Elemente, die die Entwicklung der verschiedenen Linien und Unterlinien der Freibergerrasse gepr\u00e4gt haben, eingehend untersucht. In diesem Dokument beschreibt der Autor, ein Meister in der Bewertung von Zuchttieren und den Einfl\u00fcssen auf ihre Nachkommen, detailliert die Ereignisse der Turniere sowie die Freuden und Ungl\u00fccke der Z\u00fcchter. Jean-Pierre Graber geht auch auf den Beitrag des Nachwuchses ein, der Ende der 1950er Jahre mit dem Einsatz von Doktryner und anderen Schweizer oder schwedischen Halbbluthengsten begann.<\/p>\n<p>Dieses Buch bietet daher eine F\u00fclle von Informationen f\u00fcr diejenigen, die mehr \u00fcber den Einsatz der vielen Hengste wissen m\u00f6chten, die zur Verbesserung und Vielfalt der Rasse beigetragen haben.<\/p>\n<p>Vincent Wermeille<\/p>\n<\/div>\n<\/div>\n<\/div>\n<\/div>","protected":false},"excerpt":{"rendered":"<div id=\"ProductDescription-P66\" class=\"GC12 ProductDescription\">\n<div class=\"row sf-wrapped\">\n<div class=\"column full\">\n<h4 id=\"ProductTitle-P66\" class=\"GC37 ProductTitle\">Nutzung der Freiberger-Zuchthengste (Jean-Pierre Graber)<\/h4>\n<p>Einsatz der Freiberger Zuchthengste:<\/p>\n<p>Jean-Pierre Graber hat die Elemente, die die Entwicklung der verschiedenen Linien und Unterlinien der Freibergerrasse gepr\u00e4gt haben, eingehend untersucht. In diesem Dokument beschreibt der Autor, ein Meister in der Bewertung von Zuchttieren und den Einfl\u00fcssen auf ihre Nachkommen, detailliert die Ereignisse der Turniere sowie die Freuden und Ungl\u00fccke der Z\u00fcchter. Jean-Pierre Graber geht auch auf den Beitrag des Nachwuchses ein, der Ende der 1950er Jahre mit dem Einsatz von Doktryner und anderen Schweizer oder schwedischen Halbbluthengsten begann.<\/p>\n<p>Dieses Buch bietet daher eine F\u00fclle von Informationen f\u00fcr diejenigen, die mehr \u00fcber den Einsatz der vielen Hengste wissen m\u00f6chten, die zur Verbesserung und Vielfalt der Rasse beigetragen haben.<\/p>\n<p>Vincent Wermeille<\/p>\n<\/div>\n<\/div>\n<\/div>\n","protected":false},"featured_media":423,"template":"","meta":{"_acf_changed":false},"product_brand":[],"product_cat":[66],"product_tag":[],"class_list":{"0":"post-883","1":"product","2":"type-product","3":"status-publish","4":"has-post-thumbnail","6":"product_cat-editionen","7":"product_shipping_class-catalogue-des-etalons","9":"first","10":"instock","11":"taxable","12":"shipping-taxable","13":"purchasable","14":"product-type-simple"},"group_of_quantity":0,"min_quantity":0,"max_quantity":"","exclude_order_quantity_value_rules":"no","exclude_category_quantity_rules":"no","combine_variations":"no","acf":[],"_links":{"self":[{"href":"https:\/\/boutique.fm-ch.ch\/de\/wp-json\/wp\/v2\/product\/883","targetHints":{"allow":["GET"]}}],"collection":[{"href":"https:\/\/boutique.fm-ch.ch\/de\/wp-json\/wp\/v2\/product"}],"about":[{"href":"https:\/\/boutique.fm-ch.ch\/de\/wp-json\/wp\/v2\/types\/product"}],"wp:featuredmedia":[{"embeddable":true,"href":"https:\/\/boutique.fm-ch.ch\/de\/wp-json\/wp\/v2\/media\/423"}],"wp:attachment":[{"href":"https:\/\/boutique.fm-ch.ch\/de\/wp-json\/wp\/v2\/media?parent=883"}],"wp:term":[{"taxonomy":"product_brand","embeddable":true,"href":"https:\/\/boutique.fm-ch.ch\/de\/wp-json\/wp\/v2\/product_brand?post=883"},{"taxonomy":"product_cat","embeddable":true,"href":"https:\/\/boutique.fm-ch.ch\/de\/wp-json\/wp\/v2\/product_cat?post=883"},{"taxonomy":"product_tag","embeddable":true,"href":"https:\/\/boutique.fm-ch.ch\/de\/wp-json\/wp\/v2\/product_tag?post=883"}],"curies":[{"name":"wp","href":"https:\/\/api.w.org\/{rel}","templated":true}]}}