{"id":887,"date":"2021-11-10T08:26:36","date_gmt":"2021-11-10T07:26:36","guid":{"rendered":"https:\/\/boutique.fm-ch.ch\/boutique\/regards-sur-le-franches-montagnes\/"},"modified":"2025-05-29T17:07:29","modified_gmt":"2025-05-29T15:07:29","slug":"augenblicke-das-freibergerpferde","status":"publish","type":"product","link":"https:\/\/boutique.fm-ch.ch\/de\/shop\/augenblicke-das-freibergerpferde\/","title":{"rendered":"Augenblicke das Freibergerpferde"},"content":{"rendered":"<div class=\"the-content\"><h4 id=\"ProductIntroduction-P112\" class=\"GC11 ProductIntroduction\">Ein Buch von Sandra Culand und V\u00e9ronique Curchod, im Querformat 29 x 24 cm<\/h4>\n<div id=\"ProductDescription-P112\" class=\"GC12 ProductDescription\">\n<p>Dank seinen sportlichen Leistungen, seiner Vielseitigkeit und seinem ausserordentlichen Charakter ist der Freiberger als Freizeitpferd geradezu pr\u00e4destiniert. Einzigartige und stimmungsvolle Fotografien laden den Leser ein, in diesem Buch die einzige Pferderasse mit Ursprung in der Schweiz unter einem v\u00f6llig neuen Blickwinkel kennen zu lernen. Ob Reiter, Fahrer, Z\u00fcchter, Profi, Laie oder einfach nur Pferdeliebhaber \u2013 beim Anblick der ungewohnten Bilder dieser Pferde, die Teil unseres helvetischen Kulturerbes sind, werden alle verzaubert sein.<\/p>\n<p>Texte und Fotografien f\u00fchren uns auf eine Entdeckungsreise durch das Reich dieser vielseitigen Rasse. \u00dcberdies erz\u00e4hlen uns Frauen und M\u00e4nner begeistert die Geschichten ihrer einmaligen Komplizenschaft mit den Freibergern.<\/p>\n<\/div>\n<\/div>","protected":false},"excerpt":{"rendered":"<h4 id=\"ProductIntroduction-P112\" class=\"GC11 ProductIntroduction\">Ein Buch von Sandra Culand und V\u00e9ronique Curchod, im Querformat 29 x 24 cm<\/h4>\n<div id=\"ProductDescription-P112\" class=\"GC12 ProductDescription\">\n<p>Dank seinen sportlichen Leistungen, seiner Vielseitigkeit und seinem ausserordentlichen Charakter ist der Freiberger als Freizeitpferd geradezu pr\u00e4destiniert. Einzigartige und stimmungsvolle Fotografien laden den Leser ein, in diesem Buch die einzige Pferderasse mit Ursprung in der Schweiz unter einem v\u00f6llig neuen Blickwinkel kennen zu lernen. Ob Reiter, Fahrer, Z\u00fcchter, Profi, Laie oder einfach nur Pferdeliebhaber \u2013 beim Anblick der ungewohnten Bilder dieser Pferde, die Teil unseres helvetischen Kulturerbes sind, werden alle verzaubert sein.<\/p>\n<p>Texte und Fotografien f\u00fchren uns auf eine Entdeckungsreise durch das Reich dieser vielseitigen Rasse. \u00dcberdies erz\u00e4hlen uns Frauen und M\u00e4nner begeistert die Geschichten ihrer einmaligen Komplizenschaft mit den Freibergern.<\/p>\n<\/div>\n","protected":false},"featured_media":799,"template":"","meta":{"_acf_changed":false},"product_brand":[],"product_cat":[66],"product_tag":[],"class_list":{"0":"post-887","1":"product","2":"type-product","3":"status-publish","4":"has-post-thumbnail","6":"product_cat-editionen","8":"first","9":"outofstock","10":"taxable","11":"shipping-taxable","12":"purchasable","13":"product-type-variable"},"group_of_quantity":0,"min_quantity":0,"max_quantity":"","exclude_order_quantity_value_rules":"no","exclude_category_quantity_rules":"no","combine_variations":"no","acf":[],"_links":{"self":[{"href":"https:\/\/boutique.fm-ch.ch\/de\/wp-json\/wp\/v2\/product\/887","targetHints":{"allow":["GET"]}}],"collection":[{"href":"https:\/\/boutique.fm-ch.ch\/de\/wp-json\/wp\/v2\/product"}],"about":[{"href":"https:\/\/boutique.fm-ch.ch\/de\/wp-json\/wp\/v2\/types\/product"}],"wp:featuredmedia":[{"embeddable":true,"href":"https:\/\/boutique.fm-ch.ch\/de\/wp-json\/wp\/v2\/media\/799"}],"wp:attachment":[{"href":"https:\/\/boutique.fm-ch.ch\/de\/wp-json\/wp\/v2\/media?parent=887"}],"wp:term":[{"taxonomy":"product_brand","embeddable":true,"href":"https:\/\/boutique.fm-ch.ch\/de\/wp-json\/wp\/v2\/product_brand?post=887"},{"taxonomy":"product_cat","embeddable":true,"href":"https:\/\/boutique.fm-ch.ch\/de\/wp-json\/wp\/v2\/product_cat?post=887"},{"taxonomy":"product_tag","embeddable":true,"href":"https:\/\/boutique.fm-ch.ch\/de\/wp-json\/wp\/v2\/product_tag?post=887"}],"curies":[{"name":"wp","href":"https:\/\/api.w.org\/{rel}","templated":true}]}}