{"id":9213,"date":"2024-10-16T15:34:23","date_gmt":"2024-10-16T13:34:23","guid":{"rendered":"https:\/\/boutique.fm-ch.ch\/?post_type=product&#038;p=9213"},"modified":"2025-09-22T15:54:24","modified_gmt":"2025-09-22T13:54:24","slug":"zip-pullover-herren","status":"publish","type":"product","link":"https:\/\/boutique.fm-ch.ch\/de\/shop\/zip-pullover-herren\/","title":{"rendered":"Zip-Pullover Herren"},"content":{"rendered":"<div class=\"the-content\"><p>OEKO-TEX<\/p>\n<p>Marke : Clique<\/p>\n<p>80% Baumwolle, 20% Polyester<\/p>\n<p>Pullover mit Rei\u00dfverschluss auch an den Taschen, vollst\u00e4ndig zu \u00f6ffnen. Ohne Kapuze.<\/p>\n<p>Maschinenwaschbar bei 60\u00b0.<\/p>\n<\/div>","protected":false},"excerpt":{"rendered":"<p>OEKO-TEX<\/p>\n<p>Marke : Clique<\/p>\n<p>80% Baumwolle, 20% Polyester<\/p>\n<p>Pullover mit Rei\u00dfverschluss auch an den Taschen, vollst\u00e4ndig zu \u00f6ffnen. Ohne Kapuze.<\/p>\n<p>Maschinenwaschbar bei 60\u00b0.<\/p>\n","protected":false},"featured_media":9210,"template":"","meta":{"_acf_changed":false},"product_brand":[],"product_cat":[65],"product_tag":[],"class_list":{"0":"post-9213","1":"product","2":"type-product","3":"status-publish","4":"has-post-thumbnail","6":"product_cat-bekleidung","8":"first","9":"instock","10":"taxable","11":"shipping-taxable","12":"purchasable","13":"product-type-variable"},"group_of_quantity":0,"min_quantity":0,"max_quantity":"","exclude_order_quantity_value_rules":"no","exclude_category_quantity_rules":"no","combine_variations":"no","acf":[],"_links":{"self":[{"href":"https:\/\/boutique.fm-ch.ch\/de\/wp-json\/wp\/v2\/product\/9213","targetHints":{"allow":["GET"]}}],"collection":[{"href":"https:\/\/boutique.fm-ch.ch\/de\/wp-json\/wp\/v2\/product"}],"about":[{"href":"https:\/\/boutique.fm-ch.ch\/de\/wp-json\/wp\/v2\/types\/product"}],"wp:featuredmedia":[{"embeddable":true,"href":"https:\/\/boutique.fm-ch.ch\/de\/wp-json\/wp\/v2\/media\/9210"}],"wp:attachment":[{"href":"https:\/\/boutique.fm-ch.ch\/de\/wp-json\/wp\/v2\/media?parent=9213"}],"wp:term":[{"taxonomy":"product_brand","embeddable":true,"href":"https:\/\/boutique.fm-ch.ch\/de\/wp-json\/wp\/v2\/product_brand?post=9213"},{"taxonomy":"product_cat","embeddable":true,"href":"https:\/\/boutique.fm-ch.ch\/de\/wp-json\/wp\/v2\/product_cat?post=9213"},{"taxonomy":"product_tag","embeddable":true,"href":"https:\/\/boutique.fm-ch.ch\/de\/wp-json\/wp\/v2\/product_tag?post=9213"}],"curies":[{"name":"wp","href":"https:\/\/api.w.org\/{rel}","templated":true}]}}