{"id":9301,"date":"2024-10-17T16:46:20","date_gmt":"2024-10-17T14:46:20","guid":{"rendered":"https:\/\/boutique.fm-ch.ch\/?post_type=product&#038;p=9301"},"modified":"2026-04-25T15:19:39","modified_gmt":"2026-04-25T13:19:39","slug":"winterjacke-3-in-1-herren","status":"publish","type":"product","link":"https:\/\/boutique.fm-ch.ch\/de\/shop\/winterjacke-3-in-1-herren\/","title":{"rendered":"Winterjacke 3 in 1 Herren"},"content":{"rendered":"<div class=\"the-content\"><p>Au\u00dfenjacke Polyester, anthrazitgrau<br \/>\nInnenjacke wattierte Daunensteppjacke, schwarz<br \/>\nZentraler Rei\u00dfverschluss mit zwei Schiebern<br \/>\nF\u00e4llt klein aus, m\u00f6glicherweise eine Gr\u00f6sse gr\u00f6sser bestellen.<\/p>\n<\/div>","protected":false},"excerpt":{"rendered":"<p>Au\u00dfenjacke Polyester, anthrazitgrau<br \/>\nInnenjacke wattierte Daunensteppjacke, schwarz<br \/>\nZentraler Rei\u00dfverschluss mit zwei Schiebern<br \/>\nF\u00e4llt klein aus, m\u00f6glicherweise eine Gr\u00f6sse gr\u00f6sser bestellen.<\/p>\n","protected":false},"featured_media":9296,"template":"","meta":{"_acf_changed":false},"product_brand":[],"product_cat":[65],"product_tag":[],"class_list":{"0":"post-9301","1":"product","2":"type-product","3":"status-publish","4":"has-post-thumbnail","6":"product_cat-bekleidung","8":"first","9":"instock","10":"taxable","11":"shipping-taxable","12":"purchasable","13":"product-type-variable"},"group_of_quantity":0,"min_quantity":0,"max_quantity":"","exclude_order_quantity_value_rules":"no","exclude_category_quantity_rules":"no","combine_variations":"no","acf":[],"_links":{"self":[{"href":"https:\/\/boutique.fm-ch.ch\/de\/wp-json\/wp\/v2\/product\/9301","targetHints":{"allow":["GET"]}}],"collection":[{"href":"https:\/\/boutique.fm-ch.ch\/de\/wp-json\/wp\/v2\/product"}],"about":[{"href":"https:\/\/boutique.fm-ch.ch\/de\/wp-json\/wp\/v2\/types\/product"}],"wp:featuredmedia":[{"embeddable":true,"href":"https:\/\/boutique.fm-ch.ch\/de\/wp-json\/wp\/v2\/media\/9296"}],"wp:attachment":[{"href":"https:\/\/boutique.fm-ch.ch\/de\/wp-json\/wp\/v2\/media?parent=9301"}],"wp:term":[{"taxonomy":"product_brand","embeddable":true,"href":"https:\/\/boutique.fm-ch.ch\/de\/wp-json\/wp\/v2\/product_brand?post=9301"},{"taxonomy":"product_cat","embeddable":true,"href":"https:\/\/boutique.fm-ch.ch\/de\/wp-json\/wp\/v2\/product_cat?post=9301"},{"taxonomy":"product_tag","embeddable":true,"href":"https:\/\/boutique.fm-ch.ch\/de\/wp-json\/wp\/v2\/product_tag?post=9301"}],"curies":[{"name":"wp","href":"https:\/\/api.w.org\/{rel}","templated":true}]}}