{"id":9822,"date":"2024-12-02T10:54:05","date_gmt":"2024-12-02T09:54:05","guid":{"rendered":"https:\/\/boutique.fm-ch.ch\/?post_type=product&#038;p=9822"},"modified":"2025-12-15T22:00:06","modified_gmt":"2025-12-15T21:00:06","slug":"fm-weihnachtsgeschenk","status":"publish","type":"product","link":"https:\/\/boutique.fm-ch.ch\/de\/shop\/fm-weihnachtsgeschenk\/","title":{"rendered":"FM Weihnachtsgeschenk"},"content":{"rendered":"<div class=\"the-content\"><p data-start=\"51\" data-end=\"88\"><strong data-start=\"51\" data-end=\"88\">Das FM-Weihnachtsgeschenk ist da!<\/strong><\/p>\n<p data-start=\"90\" data-end=\"239\">Schenken Sie dieses Jahr (oder schenken Sie sich selbst!) ein Geschenk, das wirklich Freude bereitet.<br data-start=\"191\" data-end=\"194\" \/>Wir bieten Ihnen zwei exklusive Versionen an:<\/p>\n<p data-start=\"241\" data-end=\"263\">\u2728 Standard<br data-start=\"251\" data-end=\"254\" \/>\u2728 Premium<\/p>\n<p data-start=\"265\" data-end=\"411\">Die <strong data-start=\"269\" data-end=\"289\">Standard-Version<\/strong> enth\u00e4lt eine FM-Tasse, einen Kochl\u00f6ffel, ein FM-Geschirrtuch und nat\u00fcrlich eine kleine \u00dcberraschung speziell f\u00fcr Ihre Pferde.<\/p>\n<p data-start=\"413\" data-end=\"643\">Die <strong data-start=\"417\" data-end=\"436\">Premium-Version<\/strong> umfasst den gesamten Inhalt des Standard-Geschenks zus\u00e4tzlich zu unserem neuen FM-Tischkalender, gestaltet zum Thema \u201eEine geteilte Leidenschaft\u201c, perfekt, um Sie durch das Jahr 2026 zu begleiten.<\/p>\n<p data-start=\"645\" data-end=\"709\">Das ideale Weihnachtsgeschenk f\u00fcr FM-Liebhaber\u2026 und ihre Pferde!<\/p>\n<p data-start=\"711\" data-end=\"798\">Die Bestellung kann ab sofort erfolgen, <span style=\"color: #e2001a\">die Lieferung findet ab dem 15. Dezember statt.<\/span><\/p>\n<p data-start=\"800\" data-end=\"825\" data-is-last-node=\"\" data-is-only-node=\"\"><span style=\"color: #e2001a\"><strong data-start=\"800\" data-end=\"822\">Frohe Weihnachten!<\/strong>\u00a0<\/span><\/p>\n<\/div>","protected":false},"excerpt":{"rendered":"<p data-start=\"51\" data-end=\"88\"><strong data-start=\"51\" data-end=\"88\">Das FM-Weihnachtsgeschenk ist da!<\/strong><\/p>\n<p data-start=\"90\" data-end=\"239\">Schenken Sie dieses Jahr (oder schenken Sie sich selbst!) ein Geschenk, das wirklich Freude bereitet.<br data-start=\"191\" data-end=\"194\" \/>Wir bieten Ihnen zwei exklusive Versionen an:<\/p>\n<p data-start=\"241\" data-end=\"263\">\u2728 Standard<br data-start=\"251\" data-end=\"254\" \/>\u2728 Premium<\/p>\n<p data-start=\"265\" data-end=\"411\">Die <strong data-start=\"269\" data-end=\"289\">Standard-Version<\/strong> enth\u00e4lt eine FM-Tasse, einen Kochl\u00f6ffel, ein FM-Geschirrtuch und nat\u00fcrlich eine kleine \u00dcberraschung speziell f\u00fcr Ihre Pferde.<\/p>\n<p data-start=\"413\" data-end=\"643\">Die <strong data-start=\"417\" data-end=\"436\">Premium-Version<\/strong> umfasst den gesamten Inhalt des Standard-Geschenks zus\u00e4tzlich zu unserem neuen FM-Tischkalender, gestaltet zum Thema \u201eEine geteilte Leidenschaft\u201c, perfekt, um Sie durch das Jahr 2026 zu begleiten.<\/p>\n<p data-start=\"645\" data-end=\"709\">Das ideale Weihnachtsgeschenk f\u00fcr FM-Liebhaber\u2026 und ihre Pferde!<\/p>\n<p data-start=\"711\" data-end=\"798\">Die Bestellung kann ab sofort erfolgen, <span style=\"color: #e2001a\">die Lieferung findet ab dem 15. Dezember statt.<\/span><\/p>\n<p data-start=\"800\" data-end=\"825\" data-is-last-node=\"\" data-is-only-node=\"\"><span style=\"color: #e2001a\"><strong data-start=\"800\" data-end=\"822\">Frohe Weihnachten!<\/strong>\u00a0<\/span><\/p>\n","protected":false},"featured_media":14342,"template":"","meta":{"_acf_changed":false},"product_brand":[],"product_cat":[60],"product_tag":[],"class_list":{"0":"post-9822","1":"product","2":"type-product","3":"status-publish","4":"has-post-thumbnail","6":"product_cat-zubehoer","8":"first","9":"instock","10":"taxable","11":"shipping-taxable","12":"purchasable","13":"product-type-variable"},"group_of_quantity":0,"min_quantity":0,"max_quantity":"","exclude_order_quantity_value_rules":"no","exclude_category_quantity_rules":"no","combine_variations":"no","acf":[],"_links":{"self":[{"href":"https:\/\/boutique.fm-ch.ch\/de\/wp-json\/wp\/v2\/product\/9822","targetHints":{"allow":["GET"]}}],"collection":[{"href":"https:\/\/boutique.fm-ch.ch\/de\/wp-json\/wp\/v2\/product"}],"about":[{"href":"https:\/\/boutique.fm-ch.ch\/de\/wp-json\/wp\/v2\/types\/product"}],"wp:featuredmedia":[{"embeddable":true,"href":"https:\/\/boutique.fm-ch.ch\/de\/wp-json\/wp\/v2\/media\/14342"}],"wp:attachment":[{"href":"https:\/\/boutique.fm-ch.ch\/de\/wp-json\/wp\/v2\/media?parent=9822"}],"wp:term":[{"taxonomy":"product_brand","embeddable":true,"href":"https:\/\/boutique.fm-ch.ch\/de\/wp-json\/wp\/v2\/product_brand?post=9822"},{"taxonomy":"product_cat","embeddable":true,"href":"https:\/\/boutique.fm-ch.ch\/de\/wp-json\/wp\/v2\/product_cat?post=9822"},{"taxonomy":"product_tag","embeddable":true,"href":"https:\/\/boutique.fm-ch.ch\/de\/wp-json\/wp\/v2\/product_tag?post=9822"}],"curies":[{"name":"wp","href":"https:\/\/api.w.org\/{rel}","templated":true}]}}